{"id":24,"date":"2024-12-12T12:14:56","date_gmt":"2024-12-12T11:14:56","guid":{"rendered":"https:\/\/chalet-la-sivoliere.com\/?page_id=24"},"modified":"2024-12-17T11:16:48","modified_gmt":"2024-12-17T10:16:48","slug":"situation","status":"publish","type":"page","link":"https:\/\/chalet-la-sivoliere.com\/?page_id=24","title":{"rendered":"Situation"},"content":{"rendered":"\n<p class=\"has-medium-font-size\" style=\"font-style:normal;font-weight:100\">Le Chalet La Sivoli\u00e8re est situ\u00e9 \u00e0 La Rosi\u00e8re Centre, dans le quartier des Papillons au dessus de l&rsquo;\u00e9cole.<\/p>\n\n\n\n<p><\/p>\n\n\n\n<figure class=\"wp-block-image size-large\"><img loading=\"lazy\" decoding=\"async\" width=\"1024\" height=\"711\" src=\"https:\/\/chalet-la-sivoliere.com\/wp-content\/uploads\/2024\/12\/Capture-decran-2024-12-04-a-17.30.22-1024x711.png\" alt=\"\" class=\"wp-image-119\" srcset=\"https:\/\/chalet-la-sivoliere.com\/wp-content\/uploads\/2024\/12\/Capture-decran-2024-12-04-a-17.30.22-1024x711.png 1024w, https:\/\/chalet-la-sivoliere.com\/wp-content\/uploads\/2024\/12\/Capture-decran-2024-12-04-a-17.30.22-300x208.png 300w, https:\/\/chalet-la-sivoliere.com\/wp-content\/uploads\/2024\/12\/Capture-decran-2024-12-04-a-17.30.22-768x533.png 768w, https:\/\/chalet-la-sivoliere.com\/wp-content\/uploads\/2024\/12\/Capture-decran-2024-12-04-a-17.30.22-1536x1067.png 1536w, https:\/\/chalet-la-sivoliere.com\/wp-content\/uploads\/2024\/12\/Capture-decran-2024-12-04-a-17.30.22-2048x1422.png 2048w\" sizes=\"auto, (max-width: 1024px) 100vw, 1024px\" \/><\/figure>\n\n\n\n<p class=\"has-text-align-center has-medium-font-size\" style=\"font-style:normal;font-weight:100\">Plan de La Rosi\u00e8re Centre:<\/p>\n\n\n\n<p class=\"has-text-align-center has-medium-font-size\" style=\"font-style:normal;font-weight:100\">Le Chalet, l&rsquo;\u00c9cole, l&rsquo;Office de Tourisme, <\/p>\n\n\n\n<p class=\"has-text-align-center has-medium-font-size\" style=\"font-style:normal;font-weight:100\">l&rsquo;Entr\u00e9e de La Rosi\u00e8re, Les Commerces, <\/p>\n\n\n\n<p class=\"has-text-align-center has-medium-font-size\" style=\"font-style:normal;font-weight:100\">et le D\u00e9parts des pistes.<\/p>\n\n\n\n<p><\/p>\n\n\n<style>.kb-gallery-id-24_3d7f37-ce.kb-gallery-ul.kb-gallery-type-fluidcarousel .kt-blocks-carousel figure .kb-gal-image-radius, .kb-gallery-id-24_3d7f37-ce.kb-gallery-ul.kb-gallery-type-fluidcarousel .kt-blocks-carousel figure .kb-gal-image-radius img{height:300px;}.kb-gallery-id-24_3d7f37-ce .kadence-blocks-gallery-item .kb-gal-image-radius, .kb-gallery-id-24_3d7f37-ce .kb-slide-item .kb-gal-image-radius img{border-radius:0px 0px 0px 0px;;}.kb-gallery-id-24_3d7f37-ce .kadence-blocks-gallery-item .kadence-blocks-gallery-item-inner .kadence-blocks-gallery-item__caption{font-size:var(--global-kb-font-size-md, 1.25rem);font-family:Aboreto;font-weight:400;}.kb-gallery-caption-style-cover-hover.kb-gallery-id-24_3d7f37-ce .kadence-blocks-gallery-item .kadence-blocks-gallery-item-inner .kadence-blocks-gallery-item__caption, .kb-gallery-caption-style-below.kb-gallery-id-24_3d7f37-ce .kadence-blocks-gallery-item .kadence-blocks-gallery-item-inner .kadence-blocks-gallery-item__caption{background:rgba(0, 0, 0, 0.5);}<\/style><div class=\"kb-gallery-wrap-id-24_3d7f37-ce alignnone wp-block-kadence-advancedgallery\"><div class=\"kb-gallery-ul kb-gallery-non-static kb-gallery-type-fluidcarousel kb-gallery-id-24_3d7f37-ce kb-gallery-caption-style-cover-hover kb-gallery-filter-none\" data-image-filter=\"none\" data-lightbox-caption=\"true\"><div class=\"kt-blocks-carousel kt-carousel-container-dotstyle-dark\"><div class=\"kt-blocks-carousel-init kb-blocks-fluid-carousel kt-carousel-arrowstyle-whiteondark kt-carousel-dotstyle-dark\" data-slider-anim-speed=\"400\" data-slider-scroll=\"1\" data-slider-arrows=\"true\" data-slider-dots=\"true\" data-slider-hover-pause=\"false\" data-slider-auto=\"1\" data-slider-speed=\"7000\" data-slider-type=\"fluidcarousel\" data-slider-center-mode=\"true\" data-slider-gap=\"10px\" data-slider-gap-tablet=\"10px\" data-slider-gap-mobile=\"10px\"><div class=\"kb-slide-item kb-gallery-carousel-item\"><div class=\"kadence-blocks-gallery-item\"><div class=\"kadence-blocks-gallery-item-inner\"><figure class=\"kb-gallery-figure kadence-blocks-gallery-item-has-caption\" \"><div class=\"kb-gal-image-radius\"><div class=\"kb-gallery-image-contain\" ><img loading=\"lazy\" decoding=\"async\" src=\"https:\/\/chalet-la-sivoliere.com\/wp-content\/uploads\/2024\/12\/IMG_2308-1024x1024.jpeg\" width=\"1024\" height=\"1024\" alt=\"\" data-full-image=\"https:\/\/chalet-la-sivoliere.com\/wp-content\/uploads\/2024\/12\/IMG_2308-scaled.jpeg\" data-light-image=\"https:\/\/chalet-la-sivoliere.com\/wp-content\/uploads\/2024\/12\/IMG_2308-scaled.jpeg\" data-id=\"125\" class=\"wp-image-125 skip-lazy\" srcset=\"https:\/\/chalet-la-sivoliere.com\/wp-content\/uploads\/2024\/12\/IMG_2308-1024x1024.jpeg 1024w, https:\/\/chalet-la-sivoliere.com\/wp-content\/uploads\/2024\/12\/IMG_2308-300x300.jpeg 300w, https:\/\/chalet-la-sivoliere.com\/wp-content\/uploads\/2024\/12\/IMG_2308-150x150.jpeg 150w, https:\/\/chalet-la-sivoliere.com\/wp-content\/uploads\/2024\/12\/IMG_2308-768x768.jpeg 768w, https:\/\/chalet-la-sivoliere.com\/wp-content\/uploads\/2024\/12\/IMG_2308-1536x1536.jpeg 1536w, https:\/\/chalet-la-sivoliere.com\/wp-content\/uploads\/2024\/12\/IMG_2308-2048x2048.jpeg 2048w\" sizes=\"auto, (max-width: 1024px) 100vw, 1024px\" \/><\/div><div class=\"kadence-blocks-gallery-item__caption\">Le Mont Pourri<\/div><\/div><\/figure><\/div><\/div><\/div><div class=\"kb-slide-item kb-gallery-carousel-item\"><div class=\"kadence-blocks-gallery-item\"><div class=\"kadence-blocks-gallery-item-inner\"><figure class=\"kb-gallery-figure kadence-blocks-gallery-item-has-caption\" \"><div class=\"kb-gal-image-radius\"><div class=\"kb-gallery-image-contain\" ><img loading=\"lazy\" decoding=\"async\" src=\"http:\/\/chalet-la-sivoliere.com\/wp-content\/uploads\/2024\/12\/IMG_1877-1-1024x768.jpeg\" width=\"1024\" height=\"768\" alt=\"\" data-full-image=\"http:\/\/chalet-la-sivoliere.com\/wp-content\/uploads\/2024\/12\/IMG_1877-1-scaled.jpeg\" data-light-image=\"http:\/\/chalet-la-sivoliere.com\/wp-content\/uploads\/2024\/12\/IMG_1877-1-scaled.jpeg\" data-id=\"124\" class=\"wp-image-124 skip-lazy\" srcset=\"https:\/\/chalet-la-sivoliere.com\/wp-content\/uploads\/2024\/12\/IMG_1877-1-1024x768.jpeg 1024w, https:\/\/chalet-la-sivoliere.com\/wp-content\/uploads\/2024\/12\/IMG_1877-1-300x225.jpeg 300w, https:\/\/chalet-la-sivoliere.com\/wp-content\/uploads\/2024\/12\/IMG_1877-1-768x576.jpeg 768w, https:\/\/chalet-la-sivoliere.com\/wp-content\/uploads\/2024\/12\/IMG_1877-1-1536x1152.jpeg 1536w, https:\/\/chalet-la-sivoliere.com\/wp-content\/uploads\/2024\/12\/IMG_1877-1-2048x1536.jpeg 2048w\" sizes=\"auto, (max-width: 1024px) 100vw, 1024px\" \/><\/div><div class=\"kadence-blocks-gallery-item__caption\">Coucher de Soleil<\/div><\/div><\/figure><\/div><\/div><\/div><div class=\"kb-slide-item kb-gallery-carousel-item\"><div class=\"kadence-blocks-gallery-item\"><div class=\"kadence-blocks-gallery-item-inner\"><figure class=\"kb-gallery-figure kadence-blocks-gallery-item-has-caption\" \"><div class=\"kb-gal-image-radius\"><div class=\"kb-gallery-image-contain\" ><img loading=\"lazy\" decoding=\"async\" src=\"http:\/\/chalet-la-sivoliere.com\/wp-content\/uploads\/2024\/12\/IMG_7008-1024x768.jpg\" width=\"1024\" height=\"768\" alt=\"\" data-full-image=\"http:\/\/chalet-la-sivoliere.com\/wp-content\/uploads\/2024\/12\/IMG_7008-scaled.jpg\" data-light-image=\"http:\/\/chalet-la-sivoliere.com\/wp-content\/uploads\/2024\/12\/IMG_7008-scaled.jpg\" data-id=\"46\" class=\"wp-image-46 skip-lazy\" srcset=\"https:\/\/chalet-la-sivoliere.com\/wp-content\/uploads\/2024\/12\/IMG_7008-1024x768.jpg 1024w, https:\/\/chalet-la-sivoliere.com\/wp-content\/uploads\/2024\/12\/IMG_7008-300x225.jpg 300w, https:\/\/chalet-la-sivoliere.com\/wp-content\/uploads\/2024\/12\/IMG_7008-768x576.jpg 768w, https:\/\/chalet-la-sivoliere.com\/wp-content\/uploads\/2024\/12\/IMG_7008-1536x1152.jpg 1536w, https:\/\/chalet-la-sivoliere.com\/wp-content\/uploads\/2024\/12\/IMG_7008-2048x1536.jpg 2048w\" sizes=\"auto, (max-width: 1024px) 100vw, 1024px\" \/><\/div><div class=\"kadence-blocks-gallery-item__caption\">La Sivoli\u00e8re PM<\/div><\/div><\/figure><\/div><\/div><\/div><div class=\"kb-slide-item kb-gallery-carousel-item\"><div class=\"kadence-blocks-gallery-item\"><div class=\"kadence-blocks-gallery-item-inner\"><figure class=\"kb-gallery-figure kadence-blocks-gallery-item-has-caption\" \"><div class=\"kb-gal-image-radius\"><div class=\"kb-gallery-image-contain\" ><img loading=\"lazy\" decoding=\"async\" src=\"http:\/\/chalet-la-sivoliere.com\/wp-content\/uploads\/2024\/12\/IMG_5844-1-1024x768.jpeg\" width=\"1024\" height=\"768\" alt=\"\" data-full-image=\"http:\/\/chalet-la-sivoliere.com\/wp-content\/uploads\/2024\/12\/IMG_5844-1-scaled.jpeg\" data-light-image=\"http:\/\/chalet-la-sivoliere.com\/wp-content\/uploads\/2024\/12\/IMG_5844-1-scaled.jpeg\" data-id=\"127\" class=\"wp-image-127 skip-lazy\" srcset=\"https:\/\/chalet-la-sivoliere.com\/wp-content\/uploads\/2024\/12\/IMG_5844-1-1024x768.jpeg 1024w, https:\/\/chalet-la-sivoliere.com\/wp-content\/uploads\/2024\/12\/IMG_5844-1-300x225.jpeg 300w, https:\/\/chalet-la-sivoliere.com\/wp-content\/uploads\/2024\/12\/IMG_5844-1-768x576.jpeg 768w, https:\/\/chalet-la-sivoliere.com\/wp-content\/uploads\/2024\/12\/IMG_5844-1-1536x1152.jpeg 1536w, https:\/\/chalet-la-sivoliere.com\/wp-content\/uploads\/2024\/12\/IMG_5844-1-2048x1536.jpeg 2048w\" sizes=\"auto, (max-width: 1024px) 100vw, 1024px\" \/><\/div><div class=\"kadence-blocks-gallery-item__caption\">Station La Rosi\u00e8re <\/div><\/div><\/figure><\/div><\/div><\/div><div class=\"kb-slide-item kb-gallery-carousel-item\"><div class=\"kadence-blocks-gallery-item\"><div class=\"kadence-blocks-gallery-item-inner\"><figure class=\"kb-gallery-figure kadence-blocks-gallery-item-has-caption\" \"><div class=\"kb-gal-image-radius\"><div class=\"kb-gallery-image-contain\" ><img loading=\"lazy\" decoding=\"async\" src=\"http:\/\/chalet-la-sivoliere.com\/wp-content\/uploads\/2024\/12\/IMG_7012-768x1024.jpg\" width=\"768\" height=\"1024\" alt=\"\" data-full-image=\"http:\/\/chalet-la-sivoliere.com\/wp-content\/uploads\/2024\/12\/IMG_7012-scaled.jpg\" data-light-image=\"http:\/\/chalet-la-sivoliere.com\/wp-content\/uploads\/2024\/12\/IMG_7012-scaled.jpg\" data-id=\"47\" class=\"wp-image-47 skip-lazy\" srcset=\"https:\/\/chalet-la-sivoliere.com\/wp-content\/uploads\/2024\/12\/IMG_7012-768x1024.jpg 768w, https:\/\/chalet-la-sivoliere.com\/wp-content\/uploads\/2024\/12\/IMG_7012-225x300.jpg 225w, https:\/\/chalet-la-sivoliere.com\/wp-content\/uploads\/2024\/12\/IMG_7012-1152x1536.jpg 1152w, https:\/\/chalet-la-sivoliere.com\/wp-content\/uploads\/2024\/12\/IMG_7012-1536x2048.jpg 1536w, https:\/\/chalet-la-sivoliere.com\/wp-content\/uploads\/2024\/12\/IMG_7012-scaled.jpg 1920w\" sizes=\"auto, (max-width: 768px) 100vw, 768px\" \/><\/div><div class=\"kadence-blocks-gallery-item__caption\">Face Sud<\/div><\/div><\/figure><\/div><\/div><\/div><div class=\"kb-slide-item kb-gallery-carousel-item\"><div class=\"kadence-blocks-gallery-item\"><div class=\"kadence-blocks-gallery-item-inner\"><figure class=\"kb-gallery-figure kadence-blocks-gallery-item-has-caption\" \"><div class=\"kb-gal-image-radius\"><div class=\"kb-gallery-image-contain\" ><img loading=\"lazy\" decoding=\"async\" src=\"http:\/\/chalet-la-sivoliere.com\/wp-content\/uploads\/2024\/12\/IMG_9009-scaled-e1734018957403-856x1024.jpg\" width=\"856\" height=\"1024\" alt=\"\" data-full-image=\"http:\/\/chalet-la-sivoliere.com\/wp-content\/uploads\/2024\/12\/IMG_9009-scaled-e1734018957403.jpg\" data-light-image=\"http:\/\/chalet-la-sivoliere.com\/wp-content\/uploads\/2024\/12\/IMG_9009-scaled-e1734018957403.jpg\" data-id=\"120\" class=\"wp-image-120 skip-lazy\" srcset=\"https:\/\/chalet-la-sivoliere.com\/wp-content\/uploads\/2024\/12\/IMG_9009-scaled-e1734018957403-856x1024.jpg 856w, https:\/\/chalet-la-sivoliere.com\/wp-content\/uploads\/2024\/12\/IMG_9009-scaled-e1734018957403-251x300.jpg 251w, https:\/\/chalet-la-sivoliere.com\/wp-content\/uploads\/2024\/12\/IMG_9009-scaled-e1734018957403-768x918.jpg 768w, https:\/\/chalet-la-sivoliere.com\/wp-content\/uploads\/2024\/12\/IMG_9009-scaled-e1734018957403-1285x1536.jpg 1285w, https:\/\/chalet-la-sivoliere.com\/wp-content\/uploads\/2024\/12\/IMG_9009-scaled-e1734018957403-1713x2048.jpg 1713w, https:\/\/chalet-la-sivoliere.com\/wp-content\/uploads\/2024\/12\/IMG_9009-scaled-e1734018957403.jpg 1870w\" sizes=\"auto, (max-width: 856px) 100vw, 856px\" \/><\/div><div class=\"kadence-blocks-gallery-item__caption\">Coucher de Soleil<\/div><\/div><\/figure><\/div><\/div><\/div><div class=\"kb-slide-item kb-gallery-carousel-item\"><div class=\"kadence-blocks-gallery-item\"><div class=\"kadence-blocks-gallery-item-inner\"><figure class=\"kb-gallery-figure kadence-blocks-gallery-item-has-caption\" \"><div class=\"kb-gal-image-radius\"><div class=\"kb-gallery-image-contain\" ><img loading=\"lazy\" decoding=\"async\" src=\"http:\/\/chalet-la-sivoliere.com\/wp-content\/uploads\/2024\/12\/IMG_7019-768x1024.jpg\" width=\"768\" height=\"1024\" alt=\"\" data-full-image=\"http:\/\/chalet-la-sivoliere.com\/wp-content\/uploads\/2024\/12\/IMG_7019-scaled.jpg\" data-light-image=\"http:\/\/chalet-la-sivoliere.com\/wp-content\/uploads\/2024\/12\/IMG_7019-scaled.jpg\" data-id=\"48\" class=\"wp-image-48 skip-lazy\" srcset=\"https:\/\/chalet-la-sivoliere.com\/wp-content\/uploads\/2024\/12\/IMG_7019-768x1024.jpg 768w, https:\/\/chalet-la-sivoliere.com\/wp-content\/uploads\/2024\/12\/IMG_7019-225x300.jpg 225w, https:\/\/chalet-la-sivoliere.com\/wp-content\/uploads\/2024\/12\/IMG_7019-1152x1536.jpg 1152w, https:\/\/chalet-la-sivoliere.com\/wp-content\/uploads\/2024\/12\/IMG_7019-1536x2048.jpg 1536w, https:\/\/chalet-la-sivoliere.com\/wp-content\/uploads\/2024\/12\/IMG_7019-scaled.jpg 1920w\" sizes=\"auto, (max-width: 768px) 100vw, 768px\" \/><\/div><div class=\"kadence-blocks-gallery-item__caption\">Face Ouest <\/div><\/div><\/figure><\/div><\/div><\/div><div class=\"kb-slide-item kb-gallery-carousel-item\"><div class=\"kadence-blocks-gallery-item\"><div class=\"kadence-blocks-gallery-item-inner\"><figure class=\"kb-gallery-figure kadence-blocks-gallery-item-has-caption\" \"><div class=\"kb-gal-image-radius\"><div class=\"kb-gallery-image-contain\" ><img loading=\"lazy\" decoding=\"async\" src=\"http:\/\/chalet-la-sivoliere.com\/wp-content\/uploads\/2024\/12\/IMG_7002-1024x768.jpg\" width=\"1024\" height=\"768\" alt=\"\" data-full-image=\"http:\/\/chalet-la-sivoliere.com\/wp-content\/uploads\/2024\/12\/IMG_7002-scaled.jpg\" data-light-image=\"http:\/\/chalet-la-sivoliere.com\/wp-content\/uploads\/2024\/12\/IMG_7002-scaled.jpg\" data-id=\"44\" class=\"wp-image-44 skip-lazy\" srcset=\"https:\/\/chalet-la-sivoliere.com\/wp-content\/uploads\/2024\/12\/IMG_7002-1024x768.jpg 1024w, https:\/\/chalet-la-sivoliere.com\/wp-content\/uploads\/2024\/12\/IMG_7002-300x225.jpg 300w, https:\/\/chalet-la-sivoliere.com\/wp-content\/uploads\/2024\/12\/IMG_7002-768x576.jpg 768w, https:\/\/chalet-la-sivoliere.com\/wp-content\/uploads\/2024\/12\/IMG_7002-1536x1152.jpg 1536w, https:\/\/chalet-la-sivoliere.com\/wp-content\/uploads\/2024\/12\/IMG_7002-2048x1536.jpg 2048w\" sizes=\"auto, (max-width: 1024px) 100vw, 1024px\" \/><\/div><div class=\"kadence-blocks-gallery-item__caption\">Face Sud <\/div><\/div><\/figure><\/div><\/div><\/div><div class=\"kb-slide-item kb-gallery-carousel-item\"><div class=\"kadence-blocks-gallery-item\"><div class=\"kadence-blocks-gallery-item-inner\"><figure class=\"kb-gallery-figure kadence-blocks-gallery-item-has-caption\" \"><div class=\"kb-gal-image-radius\"><div class=\"kb-gallery-image-contain\" ><img loading=\"lazy\" decoding=\"async\" src=\"http:\/\/chalet-la-sivoliere.com\/wp-content\/uploads\/2024\/12\/IMG_7034-1024x768.jpeg\" width=\"1024\" height=\"768\" alt=\"\" data-full-image=\"http:\/\/chalet-la-sivoliere.com\/wp-content\/uploads\/2024\/12\/IMG_7034-scaled.jpeg\" data-light-image=\"http:\/\/chalet-la-sivoliere.com\/wp-content\/uploads\/2024\/12\/IMG_7034-scaled.jpeg\" data-id=\"50\" class=\"wp-image-50 skip-lazy\" srcset=\"https:\/\/chalet-la-sivoliere.com\/wp-content\/uploads\/2024\/12\/IMG_7034-1024x768.jpeg 1024w, https:\/\/chalet-la-sivoliere.com\/wp-content\/uploads\/2024\/12\/IMG_7034-300x225.jpeg 300w, https:\/\/chalet-la-sivoliere.com\/wp-content\/uploads\/2024\/12\/IMG_7034-768x576.jpeg 768w, https:\/\/chalet-la-sivoliere.com\/wp-content\/uploads\/2024\/12\/IMG_7034-1536x1152.jpeg 1536w, https:\/\/chalet-la-sivoliere.com\/wp-content\/uploads\/2024\/12\/IMG_7034-2048x1536.jpeg 2048w\" sizes=\"auto, (max-width: 1024px) 100vw, 1024px\" \/><\/div><div class=\"kadence-blocks-gallery-item__caption\">Vue du Balcon<\/div><\/div><\/figure><\/div><\/div><\/div><div class=\"kb-slide-item kb-gallery-carousel-item\"><div class=\"kadence-blocks-gallery-item\"><div class=\"kadence-blocks-gallery-item-inner\"><figure class=\"kb-gallery-figure kadence-blocks-gallery-item-has-caption\" \"><div class=\"kb-gal-image-radius\"><div class=\"kb-gallery-image-contain\" ><img loading=\"lazy\" decoding=\"async\" src=\"http:\/\/chalet-la-sivoliere.com\/wp-content\/uploads\/2024\/12\/IMG_0157-scaled-e1734018975433-956x1024.jpg\" width=\"956\" height=\"1024\" alt=\"\" data-full-image=\"http:\/\/chalet-la-sivoliere.com\/wp-content\/uploads\/2024\/12\/IMG_0157-scaled-e1734018975433.jpg\" data-light-image=\"http:\/\/chalet-la-sivoliere.com\/wp-content\/uploads\/2024\/12\/IMG_0157-scaled-e1734018975433.jpg\" data-id=\"121\" class=\"wp-image-121 skip-lazy\" srcset=\"https:\/\/chalet-la-sivoliere.com\/wp-content\/uploads\/2024\/12\/IMG_0157-scaled-e1734018975433-956x1024.jpg 956w, https:\/\/chalet-la-sivoliere.com\/wp-content\/uploads\/2024\/12\/IMG_0157-scaled-e1734018975433-280x300.jpg 280w, https:\/\/chalet-la-sivoliere.com\/wp-content\/uploads\/2024\/12\/IMG_0157-scaled-e1734018975433-768x823.jpg 768w, https:\/\/chalet-la-sivoliere.com\/wp-content\/uploads\/2024\/12\/IMG_0157-scaled-e1734018975433-1434x1536.jpg 1434w, https:\/\/chalet-la-sivoliere.com\/wp-content\/uploads\/2024\/12\/IMG_0157-scaled-e1734018975433-1912x2048.jpg 1912w, https:\/\/chalet-la-sivoliere.com\/wp-content\/uploads\/2024\/12\/IMG_0157-scaled-e1734018975433.jpg 1920w\" sizes=\"auto, (max-width: 956px) 100vw, 956px\" \/><\/div><div class=\"kadence-blocks-gallery-item__caption\">Lever de Soleil<\/div><\/div><\/figure><\/div><\/div><\/div><\/div><\/div><\/div><\/div>\n\n<style>.kb-row-layout-id24_65fb1b-2c > .kt-row-column-wrap{align-content:start;}:where(.kb-row-layout-id24_65fb1b-2c > .kt-row-column-wrap) > .wp-block-kadence-column{justify-content:start;}.kb-row-layout-id24_65fb1b-2c > .kt-row-column-wrap{column-gap:var(--global-kb-gap-md, 2rem);row-gap:var(--global-kb-gap-md, 2rem);padding-top:var(--global-kb-spacing-sm, 1.5rem);padding-bottom:var(--global-kb-spacing-sm, 1.5rem);grid-template-columns:repeat(2, minmax(0, 1fr));}.kb-row-layout-id24_65fb1b-2c > .kt-row-layout-overlay{opacity:0.30;}@media all and (max-width: 1024px){.kb-row-layout-id24_65fb1b-2c > .kt-row-column-wrap{grid-template-columns:repeat(2, minmax(0, 1fr));}}@media all and (max-width: 767px){.kb-row-layout-id24_65fb1b-2c > .kt-row-column-wrap{grid-template-columns:minmax(0, 1fr);}}<\/style><div class=\"kb-row-layout-wrap kb-row-layout-id24_65fb1b-2c alignnone wp-block-kadence-rowlayout\"><div class=\"kt-row-column-wrap kt-has-2-columns kt-row-layout-equal kt-tab-layout-inherit kt-mobile-layout-row kt-row-valign-top\">\n<style>.kadence-column24_3945b2-d5 > .kt-inside-inner-col,.kadence-column24_3945b2-d5 > .kt-inside-inner-col:before{border-top-left-radius:0px;border-top-right-radius:0px;border-bottom-right-radius:0px;border-bottom-left-radius:0px;}.kadence-column24_3945b2-d5 > .kt-inside-inner-col{column-gap:var(--global-kb-gap-sm, 1rem);}.kadence-column24_3945b2-d5 > .kt-inside-inner-col{flex-direction:column;}.kadence-column24_3945b2-d5 > .kt-inside-inner-col > .aligncenter{width:100%;}.kadence-column24_3945b2-d5 > .kt-inside-inner-col:before{opacity:0.3;}.kadence-column24_3945b2-d5{position:relative;}@media all and (max-width: 1024px){.kadence-column24_3945b2-d5 > .kt-inside-inner-col{flex-direction:column;}}@media all and (max-width: 767px){.kadence-column24_3945b2-d5 > .kt-inside-inner-col{flex-direction:column;}}<\/style>\n<div class=\"wp-block-kadence-column kadence-column24_3945b2-d5\"><div class=\"kt-inside-inner-col\">\n<p class=\"has-text-align-center has-medium-font-size\" style=\"font-style:normal;font-weight:100\">Ici vous retrouverez les horaires des navettes gratuites :<\/p>\n<\/div><\/div>\n\n\n<style>.kadence-column24_effbf9-ad > .kt-inside-inner-col,.kadence-column24_effbf9-ad > .kt-inside-inner-col:before{border-top-left-radius:0px;border-top-right-radius:0px;border-bottom-right-radius:0px;border-bottom-left-radius:0px;}.kadence-column24_effbf9-ad > .kt-inside-inner-col{column-gap:var(--global-kb-gap-sm, 1rem);}.kadence-column24_effbf9-ad > .kt-inside-inner-col{flex-direction:column;}.kadence-column24_effbf9-ad > .kt-inside-inner-col > .aligncenter{width:100%;}.kadence-column24_effbf9-ad > .kt-inside-inner-col:before{opacity:0.3;}.kadence-column24_effbf9-ad{position:relative;}@media all and (max-width: 1024px){.kadence-column24_effbf9-ad > .kt-inside-inner-col{flex-direction:column;}}@media all and (max-width: 767px){.kadence-column24_effbf9-ad > .kt-inside-inner-col{flex-direction:column;}}<\/style>\n<div class=\"wp-block-kadence-column kadence-column24_effbf9-ad\"><div class=\"kt-inside-inner-col\">\n<p class=\"has-text-align-center has-medium-font-size\" style=\"font-style:normal;font-weight:100\">Ici vous retrouverez le plan des pistes de La Rosi\u00e8re :<\/p>\n<\/div><\/div>\n\n<\/div><\/div>\n\n<style>.wp-block-kadence-advancedbtn.kb-btns24_19a315-bb{gap:var(--global-kb-gap-xs, 0.5rem );justify-content:center;align-items:center;}.kt-btns24_19a315-bb .kt-button{font-weight:normal;font-style:normal;}.kt-btns24_19a315-bb .kt-btn-wrap-0{margin-right:5px;}.wp-block-kadence-advancedbtn.kt-btns24_19a315-bb .kt-btn-wrap-0 .kt-button{color:#555555;border-color:#555555;}.wp-block-kadence-advancedbtn.kt-btns24_19a315-bb .kt-btn-wrap-0 .kt-button:hover, .wp-block-kadence-advancedbtn.kt-btns24_19a315-bb .kt-btn-wrap-0 .kt-button:focus{color:#ffffff;border-color:#444444;}.wp-block-kadence-advancedbtn.kt-btns24_19a315-bb .kt-btn-wrap-0 .kt-button::before{display:none;}.wp-block-kadence-advancedbtn.kt-btns24_19a315-bb .kt-btn-wrap-0 .kt-button:hover, .wp-block-kadence-advancedbtn.kt-btns24_19a315-bb .kt-btn-wrap-0 .kt-button:focus{background:#444444;}<\/style>\n<div class=\"wp-block-kadence-advancedbtn kb-buttons-wrap kb-btns24_19a315-bb\"><style>ul.menu .wp-block-kadence-advancedbtn .kb-btn24_5830b5-42.kb-button{width:initial;}.wp-block-kadence-advancedbtn .kb-btn24_5830b5-42.kb-button{font-family:Aboreto;font-weight:400;box-shadow:1px 1px 2px 0px rgba(0, 0, 0, 0.2);}@media all and (max-width: 1024px){.kb-btn24_5830b5-42.kb-button .kb-svg-icon-wrap{display:block;}}<\/style><a class=\"kb-button kt-button button kb-btn24_5830b5-42 kt-btn-size-standard kt-btn-width-type-auto kb-btn-global-fill kt-btn-has-text-true kt-btn-has-svg-false wp-block-kadence-singlebtn\" href=\"https:\/\/www.larosiere.net\"><span class=\"kt-btn-inner-text\">Navettes Gratuites<\/span><\/a>\n\n<style>ul.menu .wp-block-kadence-advancedbtn .kb-btn24_0f0dee-fb.kb-button{width:initial;}.wp-block-kadence-advancedbtn .kb-btn24_0f0dee-fb.kb-button{font-family:Aboreto;font-weight:400;}.wp-block-kadence-advancedbtn .kb-btn24_0f0dee-fb.kb-button:hover, .wp-block-kadence-advancedbtn .kb-btn24_0f0dee-fb.kb-button:focus{box-shadow:2px 2px 3px 0px rgba(0, 0, 0, 0.4);}@media all and (max-width: 1024px){.kb-btn24_0f0dee-fb.kb-button .kb-svg-icon-wrap{display:block;}}<\/style><a class=\"kb-button kt-button button kb-btn24_0f0dee-fb kt-btn-size-standard kt-btn-width-type-auto kb-btn-global-fill kt-btn-has-text-true kt-btn-has-svg-false wp-block-kadence-singlebtn\" href=\"https:\/\/www.larosiere.ski\/fr\/plan-des-pistes\"><span class=\"kt-btn-inner-text\">Plan des pistes<\/span><\/a><\/div>\n\n\n\n<p><\/p>\n","protected":false},"excerpt":{"rendered":"<p>Le Chalet La Sivoli\u00e8re est situ\u00e9 \u00e0 La Rosi\u00e8re Centre, dans le quartier des Papillons au dessus de l&rsquo;\u00e9cole. Plan de La Rosi\u00e8re Centre: Le Chalet, l&rsquo;\u00c9cole, l&rsquo;Office de Tourisme, l&rsquo;Entr\u00e9e de La Rosi\u00e8re, Les Commerces, et le D\u00e9parts des pistes. Ici vous retrouverez les horaires des navettes gratuites : Ici vous retrouverez le plan&#8230;<\/p>\n","protected":false},"author":1,"featured_media":0,"parent":0,"menu_order":0,"comment_status":"closed","ping_status":"closed","template":"","meta":{"_kad_post_transparent":"","_kad_post_title":"","_kad_post_layout":"normal","_kad_post_sidebar_id":"","_kad_post_content_style":"","_kad_post_vertical_padding":"","_kad_post_feature":"","_kad_post_feature_position":"","_kad_post_header":false,"_kad_post_footer":false,"footnotes":""},"class_list":["post-24","page","type-page","status-publish","hentry"],"_links":{"self":[{"href":"https:\/\/chalet-la-sivoliere.com\/index.php?rest_route=\/wp\/v2\/pages\/24","targetHints":{"allow":["GET"]}}],"collection":[{"href":"https:\/\/chalet-la-sivoliere.com\/index.php?rest_route=\/wp\/v2\/pages"}],"about":[{"href":"https:\/\/chalet-la-sivoliere.com\/index.php?rest_route=\/wp\/v2\/types\/page"}],"author":[{"embeddable":true,"href":"https:\/\/chalet-la-sivoliere.com\/index.php?rest_route=\/wp\/v2\/users\/1"}],"replies":[{"embeddable":true,"href":"https:\/\/chalet-la-sivoliere.com\/index.php?rest_route=%2Fwp%2Fv2%2Fcomments&post=24"}],"version-history":[{"count":10,"href":"https:\/\/chalet-la-sivoliere.com\/index.php?rest_route=\/wp\/v2\/pages\/24\/revisions"}],"predecessor-version":[{"id":157,"href":"https:\/\/chalet-la-sivoliere.com\/index.php?rest_route=\/wp\/v2\/pages\/24\/revisions\/157"}],"wp:attachment":[{"href":"https:\/\/chalet-la-sivoliere.com\/index.php?rest_route=%2Fwp%2Fv2%2Fmedia&parent=24"}],"curies":[{"name":"wp","href":"https:\/\/api.w.org\/{rel}","templated":true}]}}