{"id":20,"date":"2024-12-12T12:14:07","date_gmt":"2024-12-12T11:14:07","guid":{"rendered":"https:\/\/chalet-la-sivoliere.com\/?page_id=20"},"modified":"2024-12-16T12:09:09","modified_gmt":"2024-12-16T11:09:09","slug":"photos","status":"publish","type":"page","link":"https:\/\/chalet-la-sivoliere.com\/?page_id=20","title":{"rendered":"Photos"},"content":{"rendered":"<style>.kadence-column20_29b0fe-af > .kt-inside-inner-col,.kadence-column20_29b0fe-af > .kt-inside-inner-col:before{border-top-left-radius:0px;border-top-right-radius:0px;border-bottom-right-radius:0px;border-bottom-left-radius:0px;}.kadence-column20_29b0fe-af > .kt-inside-inner-col{column-gap:var(--global-kb-gap-sm, 1rem);}.kadence-column20_29b0fe-af > .kt-inside-inner-col{flex-direction:column;}.kadence-column20_29b0fe-af > .kt-inside-inner-col > .aligncenter{width:100%;}.kadence-column20_29b0fe-af > .kt-inside-inner-col:before{opacity:0.3;}.kadence-column20_29b0fe-af{position:relative;}@media all and (max-width: 1024px){.kadence-column20_29b0fe-af > .kt-inside-inner-col{flex-direction:column;}}@media all and (max-width: 767px){.kadence-column20_29b0fe-af > .kt-inside-inner-col{flex-direction:column;}}<\/style>\n<div class=\"wp-block-kadence-column kadence-column20_29b0fe-af\"><div class=\"kt-inside-inner-col\"><style>.kb-row-layout-id20_a02d87-c9 > .kt-row-column-wrap{align-content:start;}:where(.kb-row-layout-id20_a02d87-c9 > .kt-row-column-wrap) > .wp-block-kadence-column{justify-content:start;}.kb-row-layout-id20_a02d87-c9 > .kt-row-column-wrap{column-gap:var(--global-kb-gap-md, 2rem);row-gap:var(--global-kb-gap-md, 2rem);padding-top:var(--global-kb-spacing-sm, 1.5rem);padding-bottom:var(--global-kb-spacing-sm, 1.5rem);grid-template-columns:minmax(0, 1fr);}.kb-row-layout-id20_a02d87-c9 > .kt-row-layout-overlay{opacity:0.30;}@media all and (max-width: 1024px){.kb-row-layout-id20_a02d87-c9 > .kt-row-column-wrap{grid-template-columns:minmax(0, 1fr);}}@media all and (max-width: 767px){.kb-row-layout-id20_a02d87-c9 > .kt-row-column-wrap{grid-template-columns:minmax(0, 1fr);}}<\/style><div class=\"kb-row-layout-wrap kb-row-layout-id20_a02d87-c9 alignnone wp-block-kadence-rowlayout\"><div class=\"kt-row-column-wrap kt-has-1-columns kt-row-layout-equal kt-tab-layout-inherit kt-mobile-layout-row kt-row-valign-top\">\n<style>.kadence-column20_016ccd-02 > .kt-inside-inner-col,.kadence-column20_016ccd-02 > .kt-inside-inner-col:before{border-top-left-radius:0px;border-top-right-radius:0px;border-bottom-right-radius:0px;border-bottom-left-radius:0px;}.kadence-column20_016ccd-02 > .kt-inside-inner-col{column-gap:var(--global-kb-gap-sm, 1rem);}.kadence-column20_016ccd-02 > .kt-inside-inner-col{flex-direction:column;}.kadence-column20_016ccd-02 > .kt-inside-inner-col > .aligncenter{width:100%;}.kadence-column20_016ccd-02 > .kt-inside-inner-col:before{opacity:0.3;}.kadence-column20_016ccd-02{position:relative;}@media all and (max-width: 1024px){.kadence-column20_016ccd-02 > .kt-inside-inner-col{flex-direction:column;}}@media all and (max-width: 767px){.kadence-column20_016ccd-02 > .kt-inside-inner-col{flex-direction:column;}}<\/style>\n<div class=\"wp-block-kadence-column kadence-column20_016ccd-02\"><div class=\"kt-inside-inner-col\">\n<div class=\"wp-block-columns alignfull has-text-color has-background is-layout-flex wp-container-core-columns-is-layout-9d6595d7 wp-block-columns-is-layout-flex\" style=\"color:#000000;background-color:#ffffff\">\n<div class=\"wp-block-column is-layout-flow wp-block-column-is-layout-flow\">\n<p class=\"has-text-align-center\" style=\"font-style:normal;font-weight:100\">D\u00e9couvrez l&rsquo;int\u00e9rieur de notre chalet. <\/p>\n<\/div>\n\n\n\n<div class=\"wp-block-column is-layout-flow wp-block-column-is-layout-flow\">\n<p class=\"has-text-align-center\" style=\"font-style:normal;font-weight:100\">Passez de belles vacances dans un cadre ensoleill\u00e9, avec une vue magnifique.<\/p>\n<\/div>\n\n\n\n<div class=\"wp-block-column is-layout-flow wp-block-column-is-layout-flow\">\n<p class=\"has-text-align-center\" style=\"font-style:normal;font-weight:100\">Venez profiter de la Haute Tarentaise, ainsi que de son acc\u00e8s en Italie.<\/p>\n<\/div>\n<\/div>\n<\/div><\/div>\n\n<\/div><\/div><\/div><\/div>\n\n\n<style>.kb-gallery-id-20_7a00aa-2f.kb-gallery-ul.kb-gallery-type-fluidcarousel .kt-blocks-carousel figure .kb-gal-image-radius, .kb-gallery-id-20_7a00aa-2f.kb-gallery-ul.kb-gallery-type-fluidcarousel .kt-blocks-carousel figure .kb-gal-image-radius img{height:300px;}.kb-gallery-id-20_7a00aa-2f .kadence-blocks-gallery-item .kb-gal-image-radius, .kb-gallery-id-20_7a00aa-2f .kb-slide-item .kb-gal-image-radius img{border-radius:0px 0px 0px 0px;;}<\/style><div class=\"kb-gallery-wrap-id-20_7a00aa-2f alignnone wp-block-kadence-advancedgallery\"><div class=\"kb-gallery-ul kb-gallery-non-static kb-gallery-type-fluidcarousel kb-gallery-id-20_7a00aa-2f kb-gallery-caption-style-bottom-hover kb-gallery-filter-none\" data-image-filter=\"none\" data-lightbox-caption=\"true\"><div class=\"kt-blocks-carousel kt-carousel-container-dotstyle-dark\"><div class=\"kt-blocks-carousel-init kb-blocks-fluid-carousel kt-carousel-arrowstyle-whiteondark kt-carousel-dotstyle-dark\" data-slider-anim-speed=\"400\" data-slider-scroll=\"1\" data-slider-arrows=\"true\" data-slider-dots=\"true\" data-slider-hover-pause=\"false\" data-slider-auto=\"1\" data-slider-speed=\"7000\" data-slider-type=\"fluidcarousel\" data-slider-center-mode=\"true\" data-slider-gap=\"10px\" data-slider-gap-tablet=\"10px\" data-slider-gap-mobile=\"10px\"><div class=\"kb-slide-item kb-gallery-carousel-item\"><div class=\"kadence-blocks-gallery-item\"><div class=\"kadence-blocks-gallery-item-inner\"><figure class=\"kb-gallery-figure kadence-blocks-gallery-item-hide-caption\" \"><div class=\"kb-gal-image-radius\"><div class=\"kb-gallery-image-contain\" ><img loading=\"lazy\" decoding=\"async\" src=\"https:\/\/chalet-la-sivoliere.com\/wp-content\/uploads\/2024\/12\/IMG_2532-scaled.jpg\" width=\"2560\" height=\"1920\" alt=\"\" data-full-image=\"https:\/\/chalet-la-sivoliere.com\/wp-content\/uploads\/2024\/12\/IMG_2532-scaled.jpg\" data-light-image=\"https:\/\/chalet-la-sivoliere.com\/wp-content\/uploads\/2024\/12\/IMG_2532-scaled.jpg\" data-id=\"80\" class=\"wp-image-80 skip-lazy\" srcset=\"https:\/\/chalet-la-sivoliere.com\/wp-content\/uploads\/2024\/12\/IMG_2532-scaled.jpg 2560w, https:\/\/chalet-la-sivoliere.com\/wp-content\/uploads\/2024\/12\/IMG_2532-300x225.jpg 300w, https:\/\/chalet-la-sivoliere.com\/wp-content\/uploads\/2024\/12\/IMG_2532-1024x768.jpg 1024w, https:\/\/chalet-la-sivoliere.com\/wp-content\/uploads\/2024\/12\/IMG_2532-768x576.jpg 768w, https:\/\/chalet-la-sivoliere.com\/wp-content\/uploads\/2024\/12\/IMG_2532-1536x1152.jpg 1536w, https:\/\/chalet-la-sivoliere.com\/wp-content\/uploads\/2024\/12\/IMG_2532-2048x1536.jpg 2048w\" sizes=\"auto, (max-width: 2560px) 100vw, 2560px\" \/><\/div><\/div><\/figure><\/div><\/div><\/div><div class=\"kb-slide-item kb-gallery-carousel-item\"><div class=\"kadence-blocks-gallery-item\"><div class=\"kadence-blocks-gallery-item-inner\"><figure class=\"kb-gallery-figure kadence-blocks-gallery-item-hide-caption\" \"><div class=\"kb-gal-image-radius\"><div class=\"kb-gallery-image-contain\" ><img loading=\"lazy\" decoding=\"async\" width=\"1024\" height=\"768\" src=\"https:\/\/chalet-la-sivoliere.com\/wp-content\/uploads\/2024\/12\/IMG_2529-1024x768.jpg\"   alt=\"\" data-full-image=\"https:\/\/chalet-la-sivoliere.com\/wp-content\/uploads\/2024\/12\/IMG_2529-1024x768.jpg\" data-light-image=\"https:\/\/chalet-la-sivoliere.com\/wp-content\/uploads\/2024\/12\/IMG_2529-1024x768.jpg\" data-id=\"79\" class=\"wp-image-79 skip-lazy\" srcset=\"https:\/\/chalet-la-sivoliere.com\/wp-content\/uploads\/2024\/12\/IMG_2529-1024x768.jpg 1024w, https:\/\/chalet-la-sivoliere.com\/wp-content\/uploads\/2024\/12\/IMG_2529-300x225.jpg 300w, https:\/\/chalet-la-sivoliere.com\/wp-content\/uploads\/2024\/12\/IMG_2529-768x576.jpg 768w, https:\/\/chalet-la-sivoliere.com\/wp-content\/uploads\/2024\/12\/IMG_2529-1536x1152.jpg 1536w, https:\/\/chalet-la-sivoliere.com\/wp-content\/uploads\/2024\/12\/IMG_2529-2048x1536.jpg 2048w\" sizes=\"auto, (max-width: 1024px) 100vw, 1024px\" \/><\/div><\/div><\/figure><\/div><\/div><\/div><div class=\"kb-slide-item kb-gallery-carousel-item\"><div class=\"kadence-blocks-gallery-item\"><div class=\"kadence-blocks-gallery-item-inner\"><figure class=\"kb-gallery-figure kadence-blocks-gallery-item-hide-caption\" \"><div class=\"kb-gal-image-radius\"><div class=\"kb-gallery-image-contain\" ><img loading=\"lazy\" decoding=\"async\" width=\"768\" height=\"1024\" src=\"https:\/\/chalet-la-sivoliere.com\/wp-content\/uploads\/2024\/12\/IMG_7027-768x1024.jpg\"   alt=\"\" data-full-image=\"https:\/\/chalet-la-sivoliere.com\/wp-content\/uploads\/2024\/12\/IMG_7027-768x1024.jpg\" data-light-image=\"https:\/\/chalet-la-sivoliere.com\/wp-content\/uploads\/2024\/12\/IMG_7027-768x1024.jpg\" data-id=\"74\" class=\"wp-image-74 skip-lazy\" srcset=\"https:\/\/chalet-la-sivoliere.com\/wp-content\/uploads\/2024\/12\/IMG_7027-768x1024.jpg 768w, https:\/\/chalet-la-sivoliere.com\/wp-content\/uploads\/2024\/12\/IMG_7027-225x300.jpg 225w, https:\/\/chalet-la-sivoliere.com\/wp-content\/uploads\/2024\/12\/IMG_7027-1152x1536.jpg 1152w, https:\/\/chalet-la-sivoliere.com\/wp-content\/uploads\/2024\/12\/IMG_7027-1536x2048.jpg 1536w, https:\/\/chalet-la-sivoliere.com\/wp-content\/uploads\/2024\/12\/IMG_7027-scaled.jpg 1920w\" sizes=\"auto, (max-width: 768px) 100vw, 768px\" \/><\/div><\/div><\/figure><\/div><\/div><\/div><div class=\"kb-slide-item kb-gallery-carousel-item\"><div class=\"kadence-blocks-gallery-item\"><div class=\"kadence-blocks-gallery-item-inner\"><figure class=\"kb-gallery-figure kadence-blocks-gallery-item-hide-caption\" \"><div class=\"kb-gal-image-radius\"><div class=\"kb-gallery-image-contain\" ><img loading=\"lazy\" decoding=\"async\" width=\"1024\" height=\"768\" src=\"https:\/\/chalet-la-sivoliere.com\/wp-content\/uploads\/2024\/12\/IMG_5409-1024x768.jpg\"   alt=\"\" data-full-image=\"https:\/\/chalet-la-sivoliere.com\/wp-content\/uploads\/2024\/12\/IMG_5409-1024x768.jpg\" data-light-image=\"https:\/\/chalet-la-sivoliere.com\/wp-content\/uploads\/2024\/12\/IMG_5409-1024x768.jpg\" data-id=\"82\" class=\"wp-image-82 skip-lazy\" srcset=\"https:\/\/chalet-la-sivoliere.com\/wp-content\/uploads\/2024\/12\/IMG_5409-1024x768.jpg 1024w, https:\/\/chalet-la-sivoliere.com\/wp-content\/uploads\/2024\/12\/IMG_5409-300x225.jpg 300w, https:\/\/chalet-la-sivoliere.com\/wp-content\/uploads\/2024\/12\/IMG_5409-768x576.jpg 768w, https:\/\/chalet-la-sivoliere.com\/wp-content\/uploads\/2024\/12\/IMG_5409-1536x1152.jpg 1536w, https:\/\/chalet-la-sivoliere.com\/wp-content\/uploads\/2024\/12\/IMG_5409-2048x1536.jpg 2048w\" sizes=\"auto, (max-width: 1024px) 100vw, 1024px\" \/><\/div><\/div><\/figure><\/div><\/div><\/div><div class=\"kb-slide-item kb-gallery-carousel-item\"><div class=\"kadence-blocks-gallery-item\"><div class=\"kadence-blocks-gallery-item-inner\"><figure class=\"kb-gallery-figure kadence-blocks-gallery-item-hide-caption\" \"><div class=\"kb-gal-image-radius\"><div class=\"kb-gallery-image-contain\" ><img loading=\"lazy\" decoding=\"async\" src=\"https:\/\/chalet-la-sivoliere.com\/wp-content\/uploads\/2024\/12\/IMG_2509-scaled.jpg\" width=\"2560\" height=\"1920\" alt=\"\" data-full-image=\"https:\/\/chalet-la-sivoliere.com\/wp-content\/uploads\/2024\/12\/IMG_2509-scaled.jpg\" data-light-image=\"https:\/\/chalet-la-sivoliere.com\/wp-content\/uploads\/2024\/12\/IMG_2509-scaled.jpg\" data-id=\"78\" class=\"wp-image-78 skip-lazy\" srcset=\"https:\/\/chalet-la-sivoliere.com\/wp-content\/uploads\/2024\/12\/IMG_2509-scaled.jpg 2560w, https:\/\/chalet-la-sivoliere.com\/wp-content\/uploads\/2024\/12\/IMG_2509-300x225.jpg 300w, https:\/\/chalet-la-sivoliere.com\/wp-content\/uploads\/2024\/12\/IMG_2509-1024x768.jpg 1024w, https:\/\/chalet-la-sivoliere.com\/wp-content\/uploads\/2024\/12\/IMG_2509-768x576.jpg 768w, https:\/\/chalet-la-sivoliere.com\/wp-content\/uploads\/2024\/12\/IMG_2509-1536x1152.jpg 1536w, https:\/\/chalet-la-sivoliere.com\/wp-content\/uploads\/2024\/12\/IMG_2509-2048x1536.jpg 2048w\" sizes=\"auto, (max-width: 2560px) 100vw, 2560px\" \/><\/div><\/div><\/figure><\/div><\/div><\/div><div class=\"kb-slide-item kb-gallery-carousel-item\"><div class=\"kadence-blocks-gallery-item\"><div class=\"kadence-blocks-gallery-item-inner\"><figure class=\"kb-gallery-figure kadence-blocks-gallery-item-hide-caption\" \"><div class=\"kb-gal-image-radius\"><div class=\"kb-gallery-image-contain\" ><img loading=\"lazy\" decoding=\"async\" width=\"1024\" height=\"768\" src=\"https:\/\/chalet-la-sivoliere.com\/wp-content\/uploads\/2024\/12\/IMG_2545-1024x768.jpeg\"   alt=\"\" data-full-image=\"https:\/\/chalet-la-sivoliere.com\/wp-content\/uploads\/2024\/12\/IMG_2545-1024x768.jpeg\" data-light-image=\"https:\/\/chalet-la-sivoliere.com\/wp-content\/uploads\/2024\/12\/IMG_2545-1024x768.jpeg\" data-id=\"77\" class=\"wp-image-77 skip-lazy\" srcset=\"https:\/\/chalet-la-sivoliere.com\/wp-content\/uploads\/2024\/12\/IMG_2545-1024x768.jpeg 1024w, https:\/\/chalet-la-sivoliere.com\/wp-content\/uploads\/2024\/12\/IMG_2545-300x225.jpeg 300w, https:\/\/chalet-la-sivoliere.com\/wp-content\/uploads\/2024\/12\/IMG_2545-768x576.jpeg 768w, https:\/\/chalet-la-sivoliere.com\/wp-content\/uploads\/2024\/12\/IMG_2545-1536x1152.jpeg 1536w, https:\/\/chalet-la-sivoliere.com\/wp-content\/uploads\/2024\/12\/IMG_2545-2048x1536.jpeg 2048w\" sizes=\"auto, (max-width: 1024px) 100vw, 1024px\" \/><\/div><\/div><\/figure><\/div><\/div><\/div><div class=\"kb-slide-item kb-gallery-carousel-item\"><div class=\"kadence-blocks-gallery-item\"><div class=\"kadence-blocks-gallery-item-inner\"><figure class=\"kb-gallery-figure kadence-blocks-gallery-item-hide-caption\" \"><div class=\"kb-gal-image-radius\"><div class=\"kb-gallery-image-contain\" ><img loading=\"lazy\" decoding=\"async\" width=\"1024\" height=\"768\" src=\"https:\/\/chalet-la-sivoliere.com\/wp-content\/uploads\/2024\/12\/IMG_2548-1024x768.jpg\"   alt=\"\" data-full-image=\"https:\/\/chalet-la-sivoliere.com\/wp-content\/uploads\/2024\/12\/IMG_2548-1024x768.jpg\" data-light-image=\"https:\/\/chalet-la-sivoliere.com\/wp-content\/uploads\/2024\/12\/IMG_2548-1024x768.jpg\" data-id=\"83\" class=\"wp-image-83 skip-lazy\" srcset=\"https:\/\/chalet-la-sivoliere.com\/wp-content\/uploads\/2024\/12\/IMG_2548-1024x768.jpg 1024w, https:\/\/chalet-la-sivoliere.com\/wp-content\/uploads\/2024\/12\/IMG_2548-300x225.jpg 300w, https:\/\/chalet-la-sivoliere.com\/wp-content\/uploads\/2024\/12\/IMG_2548-768x576.jpg 768w, https:\/\/chalet-la-sivoliere.com\/wp-content\/uploads\/2024\/12\/IMG_2548-1536x1152.jpg 1536w, https:\/\/chalet-la-sivoliere.com\/wp-content\/uploads\/2024\/12\/IMG_2548-2048x1536.jpg 2048w\" sizes=\"auto, (max-width: 1024px) 100vw, 1024px\" \/><\/div><\/div><\/figure><\/div><\/div><\/div><div class=\"kb-slide-item kb-gallery-carousel-item\"><div class=\"kadence-blocks-gallery-item\"><div class=\"kadence-blocks-gallery-item-inner\"><figure class=\"kb-gallery-figure kadence-blocks-gallery-item-hide-caption\" \"><div class=\"kb-gal-image-radius\"><div class=\"kb-gallery-image-contain\" ><img loading=\"lazy\" decoding=\"async\" width=\"1024\" height=\"768\" src=\"https:\/\/chalet-la-sivoliere.com\/wp-content\/uploads\/2024\/12\/IMG_2537-1024x768.jpeg\"   alt=\"\" data-full-image=\"https:\/\/chalet-la-sivoliere.com\/wp-content\/uploads\/2024\/12\/IMG_2537-1024x768.jpeg\" data-light-image=\"https:\/\/chalet-la-sivoliere.com\/wp-content\/uploads\/2024\/12\/IMG_2537-1024x768.jpeg\" data-id=\"75\" class=\"wp-image-75 skip-lazy\" srcset=\"https:\/\/chalet-la-sivoliere.com\/wp-content\/uploads\/2024\/12\/IMG_2537-1024x768.jpeg 1024w, https:\/\/chalet-la-sivoliere.com\/wp-content\/uploads\/2024\/12\/IMG_2537-300x225.jpeg 300w, https:\/\/chalet-la-sivoliere.com\/wp-content\/uploads\/2024\/12\/IMG_2537-768x576.jpeg 768w, https:\/\/chalet-la-sivoliere.com\/wp-content\/uploads\/2024\/12\/IMG_2537-1536x1152.jpeg 1536w, https:\/\/chalet-la-sivoliere.com\/wp-content\/uploads\/2024\/12\/IMG_2537-2048x1536.jpeg 2048w\" sizes=\"auto, (max-width: 1024px) 100vw, 1024px\" \/><\/div><\/div><\/figure><\/div><\/div><\/div><div class=\"kb-slide-item kb-gallery-carousel-item\"><div class=\"kadence-blocks-gallery-item\"><div class=\"kadence-blocks-gallery-item-inner\"><figure class=\"kb-gallery-figure kadence-blocks-gallery-item-hide-caption\" \"><div class=\"kb-gal-image-radius\"><div class=\"kb-gallery-image-contain\" ><img loading=\"lazy\" decoding=\"async\" src=\"https:\/\/chalet-la-sivoliere.com\/wp-content\/uploads\/2024\/12\/IMG_2539-edited-scaled.jpeg\" width=\"2560\" height=\"1920\" alt=\"\" data-full-image=\"https:\/\/chalet-la-sivoliere.com\/wp-content\/uploads\/2024\/12\/IMG_2539-edited-scaled.jpeg\" data-light-image=\"https:\/\/chalet-la-sivoliere.com\/wp-content\/uploads\/2024\/12\/IMG_2539-edited-scaled.jpeg\" data-id=\"101\" class=\"wp-image-101 skip-lazy\" srcset=\"https:\/\/chalet-la-sivoliere.com\/wp-content\/uploads\/2024\/12\/IMG_2539-edited-scaled.jpeg 2560w, https:\/\/chalet-la-sivoliere.com\/wp-content\/uploads\/2024\/12\/IMG_2539-edited-300x225.jpeg 300w, https:\/\/chalet-la-sivoliere.com\/wp-content\/uploads\/2024\/12\/IMG_2539-edited-1024x768.jpeg 1024w, https:\/\/chalet-la-sivoliere.com\/wp-content\/uploads\/2024\/12\/IMG_2539-edited-768x576.jpeg 768w, https:\/\/chalet-la-sivoliere.com\/wp-content\/uploads\/2024\/12\/IMG_2539-edited-1536x1152.jpeg 1536w, https:\/\/chalet-la-sivoliere.com\/wp-content\/uploads\/2024\/12\/IMG_2539-edited-2048x1536.jpeg 2048w\" sizes=\"auto, (max-width: 2560px) 100vw, 2560px\" \/><\/div><\/div><\/figure><\/div><\/div><\/div><div class=\"kb-slide-item kb-gallery-carousel-item\"><div class=\"kadence-blocks-gallery-item\"><div class=\"kadence-blocks-gallery-item-inner\"><figure class=\"kb-gallery-figure kadence-blocks-gallery-item-hide-caption\" \"><div class=\"kb-gal-image-radius\"><div class=\"kb-gallery-image-contain\" ><img loading=\"lazy\" decoding=\"async\" width=\"1024\" height=\"768\" src=\"https:\/\/chalet-la-sivoliere.com\/wp-content\/uploads\/2024\/12\/IMG_7034-1024x768.jpeg\"   alt=\"\" data-full-image=\"https:\/\/chalet-la-sivoliere.com\/wp-content\/uploads\/2024\/12\/IMG_7034-1024x768.jpeg\" data-light-image=\"https:\/\/chalet-la-sivoliere.com\/wp-content\/uploads\/2024\/12\/IMG_7034-1024x768.jpeg\" data-id=\"50\" class=\"wp-image-50 skip-lazy\" srcset=\"https:\/\/chalet-la-sivoliere.com\/wp-content\/uploads\/2024\/12\/IMG_7034-1024x768.jpeg 1024w, https:\/\/chalet-la-sivoliere.com\/wp-content\/uploads\/2024\/12\/IMG_7034-300x225.jpeg 300w, https:\/\/chalet-la-sivoliere.com\/wp-content\/uploads\/2024\/12\/IMG_7034-768x576.jpeg 768w, https:\/\/chalet-la-sivoliere.com\/wp-content\/uploads\/2024\/12\/IMG_7034-1536x1152.jpeg 1536w, https:\/\/chalet-la-sivoliere.com\/wp-content\/uploads\/2024\/12\/IMG_7034-2048x1536.jpeg 2048w\" sizes=\"auto, (max-width: 1024px) 100vw, 1024px\" \/><\/div><\/div><\/figure><\/div><\/div><\/div><div class=\"kb-slide-item kb-gallery-carousel-item\"><div class=\"kadence-blocks-gallery-item\"><div class=\"kadence-blocks-gallery-item-inner\"><figure class=\"kb-gallery-figure kadence-blocks-gallery-item-hide-caption\" \"><div class=\"kb-gal-image-radius\"><div class=\"kb-gallery-image-contain\" ><img loading=\"lazy\" decoding=\"async\" width=\"768\" height=\"1024\" src=\"https:\/\/chalet-la-sivoliere.com\/wp-content\/uploads\/2024\/12\/IMG_6986-768x1024.jpg\"   alt=\"\" data-full-image=\"https:\/\/chalet-la-sivoliere.com\/wp-content\/uploads\/2024\/12\/IMG_6986-768x1024.jpg\" data-light-image=\"https:\/\/chalet-la-sivoliere.com\/wp-content\/uploads\/2024\/12\/IMG_6986-768x1024.jpg\" data-id=\"73\" class=\"wp-image-73 skip-lazy\" srcset=\"https:\/\/chalet-la-sivoliere.com\/wp-content\/uploads\/2024\/12\/IMG_6986-768x1024.jpg 768w, https:\/\/chalet-la-sivoliere.com\/wp-content\/uploads\/2024\/12\/IMG_6986-225x300.jpg 225w, https:\/\/chalet-la-sivoliere.com\/wp-content\/uploads\/2024\/12\/IMG_6986-1152x1536.jpg 1152w, https:\/\/chalet-la-sivoliere.com\/wp-content\/uploads\/2024\/12\/IMG_6986-1536x2048.jpg 1536w, https:\/\/chalet-la-sivoliere.com\/wp-content\/uploads\/2024\/12\/IMG_6986-scaled.jpg 1920w\" sizes=\"auto, (max-width: 768px) 100vw, 768px\" \/><\/div><\/div><\/figure><\/div><\/div><\/div><div class=\"kb-slide-item kb-gallery-carousel-item\"><div class=\"kadence-blocks-gallery-item\"><div class=\"kadence-blocks-gallery-item-inner\"><figure class=\"kb-gallery-figure kadence-blocks-gallery-item-hide-caption\" \"><div class=\"kb-gal-image-radius\"><div class=\"kb-gallery-image-contain\" ><img loading=\"lazy\" decoding=\"async\" width=\"1024\" height=\"768\" src=\"https:\/\/chalet-la-sivoliere.com\/wp-content\/uploads\/2024\/12\/IMG_6984-1024x768.jpg\"   alt=\"\" data-full-image=\"https:\/\/chalet-la-sivoliere.com\/wp-content\/uploads\/2024\/12\/IMG_6984-1024x768.jpg\" data-light-image=\"https:\/\/chalet-la-sivoliere.com\/wp-content\/uploads\/2024\/12\/IMG_6984-1024x768.jpg\" data-id=\"72\" class=\"wp-image-72 skip-lazy\" srcset=\"https:\/\/chalet-la-sivoliere.com\/wp-content\/uploads\/2024\/12\/IMG_6984-1024x768.jpg 1024w, https:\/\/chalet-la-sivoliere.com\/wp-content\/uploads\/2024\/12\/IMG_6984-300x225.jpg 300w, https:\/\/chalet-la-sivoliere.com\/wp-content\/uploads\/2024\/12\/IMG_6984-768x576.jpg 768w, https:\/\/chalet-la-sivoliere.com\/wp-content\/uploads\/2024\/12\/IMG_6984-1536x1152.jpg 1536w, https:\/\/chalet-la-sivoliere.com\/wp-content\/uploads\/2024\/12\/IMG_6984-2048x1536.jpg 2048w\" sizes=\"auto, (max-width: 1024px) 100vw, 1024px\" \/><\/div><\/div><\/figure><\/div><\/div><\/div><div class=\"kb-slide-item kb-gallery-carousel-item\"><div class=\"kadence-blocks-gallery-item\"><div class=\"kadence-blocks-gallery-item-inner\"><figure class=\"kb-gallery-figure kadence-blocks-gallery-item-hide-caption\" \"><div class=\"kb-gal-image-radius\"><div class=\"kb-gallery-image-contain\" ><img loading=\"lazy\" decoding=\"async\" width=\"1024\" height=\"768\" src=\"https:\/\/chalet-la-sivoliere.com\/wp-content\/uploads\/2024\/12\/IMG_6962-1024x768.jpg\"   alt=\"\" data-full-image=\"https:\/\/chalet-la-sivoliere.com\/wp-content\/uploads\/2024\/12\/IMG_6962-1024x768.jpg\" data-light-image=\"https:\/\/chalet-la-sivoliere.com\/wp-content\/uploads\/2024\/12\/IMG_6962-1024x768.jpg\" data-id=\"69\" class=\"wp-image-69 skip-lazy\" srcset=\"https:\/\/chalet-la-sivoliere.com\/wp-content\/uploads\/2024\/12\/IMG_6962-1024x768.jpg 1024w, https:\/\/chalet-la-sivoliere.com\/wp-content\/uploads\/2024\/12\/IMG_6962-300x225.jpg 300w, https:\/\/chalet-la-sivoliere.com\/wp-content\/uploads\/2024\/12\/IMG_6962-768x576.jpg 768w, https:\/\/chalet-la-sivoliere.com\/wp-content\/uploads\/2024\/12\/IMG_6962-1536x1152.jpg 1536w, https:\/\/chalet-la-sivoliere.com\/wp-content\/uploads\/2024\/12\/IMG_6962-2048x1536.jpg 2048w\" sizes=\"auto, (max-width: 1024px) 100vw, 1024px\" \/><\/div><\/div><\/figure><\/div><\/div><\/div><div class=\"kb-slide-item kb-gallery-carousel-item\"><div class=\"kadence-blocks-gallery-item\"><div class=\"kadence-blocks-gallery-item-inner\"><figure class=\"kb-gallery-figure kadence-blocks-gallery-item-hide-caption\" \"><div class=\"kb-gal-image-radius\"><div class=\"kb-gallery-image-contain\" ><img loading=\"lazy\" decoding=\"async\" width=\"1024\" height=\"768\" src=\"https:\/\/chalet-la-sivoliere.com\/wp-content\/uploads\/2024\/12\/IMG_6967-1024x768.jpg\"   alt=\"\" data-full-image=\"https:\/\/chalet-la-sivoliere.com\/wp-content\/uploads\/2024\/12\/IMG_6967-1024x768.jpg\" data-light-image=\"https:\/\/chalet-la-sivoliere.com\/wp-content\/uploads\/2024\/12\/IMG_6967-1024x768.jpg\" data-id=\"71\" class=\"wp-image-71 skip-lazy\" srcset=\"https:\/\/chalet-la-sivoliere.com\/wp-content\/uploads\/2024\/12\/IMG_6967-1024x768.jpg 1024w, https:\/\/chalet-la-sivoliere.com\/wp-content\/uploads\/2024\/12\/IMG_6967-300x225.jpg 300w, https:\/\/chalet-la-sivoliere.com\/wp-content\/uploads\/2024\/12\/IMG_6967-768x576.jpg 768w, https:\/\/chalet-la-sivoliere.com\/wp-content\/uploads\/2024\/12\/IMG_6967-1536x1152.jpg 1536w, https:\/\/chalet-la-sivoliere.com\/wp-content\/uploads\/2024\/12\/IMG_6967-2048x1536.jpg 2048w\" sizes=\"auto, (max-width: 1024px) 100vw, 1024px\" \/><\/div><\/div><\/figure><\/div><\/div><\/div><\/div><\/div><\/div><\/div>\n\n\n<p style=\"font-style:normal;font-weight:100\">Pour toutes informations compl\u00e9mentaires, n&rsquo;h\u00e9sitez pas \u00e0 nous contacter par mail ou par message.<\/p>\n\n\n\n<p><\/p>\n","protected":false},"excerpt":{"rendered":"<p>D\u00e9couvrez l&rsquo;int\u00e9rieur de notre chalet. Passez de belles vacances dans un cadre ensoleill\u00e9, avec une vue magnifique. Venez profiter de la Haute Tarentaise, ainsi que de son acc\u00e8s en Italie. Pour toutes informations compl\u00e9mentaires, n&rsquo;h\u00e9sitez pas \u00e0 nous contacter par mail ou par message.<\/p>\n","protected":false},"author":1,"featured_media":0,"parent":0,"menu_order":0,"comment_status":"closed","ping_status":"closed","template":"","meta":{"_kad_post_transparent":"","_kad_post_title":"","_kad_post_layout":"normal","_kad_post_sidebar_id":"","_kad_post_content_style":"","_kad_post_vertical_padding":"","_kad_post_feature":"","_kad_post_feature_position":"","_kad_post_header":false,"_kad_post_footer":false,"footnotes":""},"class_list":["post-20","page","type-page","status-publish","hentry"],"_links":{"self":[{"href":"https:\/\/chalet-la-sivoliere.com\/index.php?rest_route=\/wp\/v2\/pages\/20","targetHints":{"allow":["GET"]}}],"collection":[{"href":"https:\/\/chalet-la-sivoliere.com\/index.php?rest_route=\/wp\/v2\/pages"}],"about":[{"href":"https:\/\/chalet-la-sivoliere.com\/index.php?rest_route=\/wp\/v2\/types\/page"}],"author":[{"embeddable":true,"href":"https:\/\/chalet-la-sivoliere.com\/index.php?rest_route=\/wp\/v2\/users\/1"}],"replies":[{"embeddable":true,"href":"https:\/\/chalet-la-sivoliere.com\/index.php?rest_route=%2Fwp%2Fv2%2Fcomments&post=20"}],"version-history":[{"count":7,"href":"https:\/\/chalet-la-sivoliere.com\/index.php?rest_route=\/wp\/v2\/pages\/20\/revisions"}],"predecessor-version":[{"id":104,"href":"https:\/\/chalet-la-sivoliere.com\/index.php?rest_route=\/wp\/v2\/pages\/20\/revisions\/104"}],"wp:attachment":[{"href":"https:\/\/chalet-la-sivoliere.com\/index.php?rest_route=%2Fwp%2Fv2%2Fmedia&parent=20"}],"curies":[{"name":"wp","href":"https:\/\/api.w.org\/{rel}","templated":true}]}}