{"id":2,"date":"2024-12-12T09:37:50","date_gmt":"2024-12-12T08:37:50","guid":{"rendered":"http:\/\/chalet-la-sivoliere.com\/?page_id=2"},"modified":"2024-12-16T12:08:59","modified_gmt":"2024-12-16T11:08:59","slug":"page-d-exemple","status":"publish","type":"page","link":"https:\/\/chalet-la-sivoliere.com\/?page_id=2","title":{"rendered":"Informations"},"content":{"rendered":"<style>.kb-row-layout-id2_58b341-62 > .kt-row-column-wrap{align-content:start;}:where(.kb-row-layout-id2_58b341-62 > .kt-row-column-wrap) > .wp-block-kadence-column{justify-content:start;}.kb-row-layout-id2_58b341-62 > .kt-row-column-wrap{column-gap:var(--global-kb-gap-md, 2rem);row-gap:var(--global-kb-gap-md, 2rem);padding-top:var(--global-kb-spacing-sm, 1.5rem);padding-bottom:var(--global-kb-spacing-sm, 1.5rem);grid-template-columns:minmax(0, calc(60% - ((var(--global-kb-gap-md, 2rem) * 1 )\/2)))minmax(0, calc(40% - ((var(--global-kb-gap-md, 2rem) * 1 )\/2)));}.kb-row-layout-id2_58b341-62 > .kt-row-layout-overlay{opacity:0.30;}@media all and (max-width: 1024px){.kb-row-layout-id2_58b341-62 > .kt-row-column-wrap{grid-template-columns:minmax(0, 2fr) minmax(0, 1fr);}}@media all and (max-width: 767px){.kb-row-layout-id2_58b341-62 > .kt-row-column-wrap{grid-template-columns:minmax(0, 1fr);}}<\/style><div class=\"kb-row-layout-wrap kb-row-layout-id2_58b341-62 alignnone wp-block-kadence-rowlayout\"><div class=\"kt-row-column-wrap kt-has-2-columns kt-row-layout-left-golden kt-tab-layout-inherit kt-mobile-layout-row kt-row-valign-top\">\n<style>.kadence-column2_a7d2d1-64 > .kt-inside-inner-col,.kadence-column2_a7d2d1-64 > .kt-inside-inner-col:before{border-top-left-radius:0px;border-top-right-radius:0px;border-bottom-right-radius:0px;border-bottom-left-radius:0px;}.kadence-column2_a7d2d1-64 > .kt-inside-inner-col{column-gap:var(--global-kb-gap-sm, 1rem);}.kadence-column2_a7d2d1-64 > .kt-inside-inner-col{flex-direction:column;}.kadence-column2_a7d2d1-64 > .kt-inside-inner-col > .aligncenter{width:100%;}.kadence-column2_a7d2d1-64 > .kt-inside-inner-col:before{opacity:0.3;}.kadence-column2_a7d2d1-64{position:relative;}@media all and (max-width: 1024px){.kadence-column2_a7d2d1-64 > .kt-inside-inner-col{flex-direction:column;}}@media all and (max-width: 767px){.kadence-column2_a7d2d1-64 > .kt-inside-inner-col{flex-direction:column;}}<\/style>\n<div class=\"wp-block-kadence-column kadence-column2_a7d2d1-64\"><div class=\"kt-inside-inner-col\"><style>.kadence-column2_14fcbd-99 > .kt-inside-inner-col,.kadence-column2_14fcbd-99 > .kt-inside-inner-col:before{border-top-left-radius:0px;border-top-right-radius:0px;border-bottom-right-radius:0px;border-bottom-left-radius:0px;}.kadence-column2_14fcbd-99 > .kt-inside-inner-col{column-gap:var(--global-kb-gap-sm, 1rem);}.kadence-column2_14fcbd-99 > .kt-inside-inner-col{flex-direction:column;}.kadence-column2_14fcbd-99 > .kt-inside-inner-col > .aligncenter{width:100%;}.kadence-column2_14fcbd-99 > .kt-inside-inner-col:before{opacity:0.3;}.kadence-column2_14fcbd-99{position:relative;}@media all and (max-width: 1024px){.kadence-column2_14fcbd-99 > .kt-inside-inner-col{flex-direction:column;}}@media all and (max-width: 767px){.kadence-column2_14fcbd-99 > .kt-inside-inner-col{flex-direction:column;}}<\/style>\n<div class=\"wp-block-kadence-column kadence-column2_14fcbd-99\"><div class=\"kt-inside-inner-col\"><style>.wp-block-kadence-advancedheading.kt-adv-heading2_616be2-4b, .wp-block-kadence-advancedheading.kt-adv-heading2_616be2-4b[data-kb-block=\"kb-adv-heading2_616be2-4b\"]{font-size:var(--global-kb-font-size-md, 1.25rem);font-weight:400;font-style:normal;font-family:Aboreto;}.wp-block-kadence-advancedheading.kt-adv-heading2_616be2-4b mark.kt-highlight, .wp-block-kadence-advancedheading.kt-adv-heading2_616be2-4b[data-kb-block=\"kb-adv-heading2_616be2-4b\"] mark.kt-highlight{font-style:normal;color:#f76a0c;-webkit-box-decoration-break:clone;box-decoration-break:clone;padding-top:0px;padding-right:0px;padding-bottom:0px;padding-left:0px;}<\/style>\n<p class=\"kt-adv-heading2_616be2-4b wp-block-kadence-advancedheading\" data-kb-block=\"kb-adv-heading2_616be2-4b\">informations sur le chalet.<\/p>\n\n\n\n<p class=\"has-medium-font-size\" style=\"font-style:normal;font-weight:100\">\ud83c\udfe0  Chalet individuel de 120 m2, 6 pi\u00e8ces, pouvant accueillir 10 personnes (12 avec enfants).&nbsp;<\/p>\n\n\n\n<p class=\"has-medium-font-size\" style=\"font-style:normal;font-weight:100\">\ud83d\udc49Au rez de chauss\u00e9e : cuisine \u00e9quip\u00e9e, salon-salle \u00e0 manger, salle de bain avec baignoire, un wc ind\u00e9pendant et une grande r\u00e9serve.<\/p>\n\n\n\n<p class=\"has-medium-font-size\" style=\"font-style:normal;font-weight:100\">\ud83d\udc49A l&rsquo;\u00e9tage : 5 chambres avec lavabos, une salle d&rsquo;eau avec 2 douches et un wc, 1wc ind\u00e9pendant.&nbsp;<\/p>\n\n\n\n<p class=\"has-medium-font-size\" style=\"font-style:normal;font-weight:100\">\ud83d\ude97  Parking municipal \u00e0 c\u00f4t\u00e9 du chalet ou emplacement privatif disponible (3 voitures)selon le d\u00e9neigement.<\/p>\n\n\n\n<p class=\"has-medium-font-size\" style=\"font-style:normal;font-weight:100\"><br>\ud83d\udecf\ufe0f  Nbres de lits 2 persones :4&nbsp;<\/p>\n\n\n\n<p class=\"has-medium-font-size\" style=\"font-style:normal;font-weight:100\"><br>\ud83d\udecf\ufe0f  Nbres de lits 1 personnes :4 dont 1 lit superpos\u00e9.&nbsp;<\/p>\n\n\n\n<p class=\"has-medium-font-size\" style=\"font-style:normal;font-weight:100\"><br>\ud83d\udc36  Les animaux ne sont plus admis sauf accord avec la propri\u00e9taire.<\/p>\n\n\n\n<p class=\"has-medium-font-size\" style=\"font-style:normal;font-weight:100\">\u200b\ud83d\udead Chalet non fumeur.<\/p>\n<\/div><\/div>\n<\/div><\/div>\n\n\n<style>.kadence-column2_152012-1e > .kt-inside-inner-col,.kadence-column2_152012-1e > .kt-inside-inner-col:before{border-top-left-radius:0px;border-top-right-radius:0px;border-bottom-right-radius:0px;border-bottom-left-radius:0px;}.kadence-column2_152012-1e > .kt-inside-inner-col{column-gap:var(--global-kb-gap-sm, 1rem);}.kadence-column2_152012-1e > .kt-inside-inner-col{flex-direction:column;}.kadence-column2_152012-1e > .kt-inside-inner-col > .aligncenter{width:100%;}.kadence-column2_152012-1e > .kt-inside-inner-col:before{opacity:0.3;}.kadence-column2_152012-1e{position:relative;}@media all and (max-width: 1024px){.kadence-column2_152012-1e > .kt-inside-inner-col{flex-direction:column;}}@media all and (max-width: 767px){.kadence-column2_152012-1e > .kt-inside-inner-col{flex-direction:column;}}<\/style>\n<div class=\"wp-block-kadence-column kadence-column2_152012-1e\"><div class=\"kt-inside-inner-col\"><div class=\"wp-block-image\">\n<figure class=\"aligncenter size-large\"><img loading=\"lazy\" decoding=\"async\" width=\"768\" height=\"1024\" src=\"https:\/\/chalet-la-sivoliere.com\/wp-content\/uploads\/2024\/12\/IMG_7004-768x1024.jpg\" alt=\"\" class=\"wp-image-45\" style=\"aspect-ratio:9\/16;object-fit:cover\" srcset=\"https:\/\/chalet-la-sivoliere.com\/wp-content\/uploads\/2024\/12\/IMG_7004-768x1024.jpg 768w, https:\/\/chalet-la-sivoliere.com\/wp-content\/uploads\/2024\/12\/IMG_7004-225x300.jpg 225w, https:\/\/chalet-la-sivoliere.com\/wp-content\/uploads\/2024\/12\/IMG_7004-1152x1536.jpg 1152w, https:\/\/chalet-la-sivoliere.com\/wp-content\/uploads\/2024\/12\/IMG_7004-1536x2048.jpg 1536w, https:\/\/chalet-la-sivoliere.com\/wp-content\/uploads\/2024\/12\/IMG_7004-scaled.jpg 1920w\" sizes=\"auto, (max-width: 768px) 100vw, 768px\" \/><\/figure>\n<\/div><\/div><\/div>\n\n<\/div><\/div>\n\n\n<p><\/p>\n","protected":false},"excerpt":{"rendered":"<p>informations sur le chalet. \ud83c\udfe0 Chalet individuel de 120 m2, 6 pi\u00e8ces, pouvant accueillir 10 personnes (12 avec enfants).&nbsp; \ud83d\udc49Au rez de chauss\u00e9e : cuisine \u00e9quip\u00e9e, salon-salle \u00e0 manger, salle de bain avec baignoire, un wc ind\u00e9pendant et une grande r\u00e9serve. \ud83d\udc49A l&rsquo;\u00e9tage : 5 chambres avec lavabos, une salle d&rsquo;eau avec 2 douches et&#8230;<\/p>\n","protected":false},"author":1,"featured_media":0,"parent":0,"menu_order":0,"comment_status":"closed","ping_status":"open","template":"","meta":{"_kad_post_transparent":"","_kad_post_title":"","_kad_post_layout":"normal","_kad_post_sidebar_id":"","_kad_post_content_style":"","_kad_post_vertical_padding":"","_kad_post_feature":"","_kad_post_feature_position":"","_kad_post_header":false,"_kad_post_footer":false,"footnotes":""},"class_list":["post-2","page","type-page","status-publish","hentry"],"_links":{"self":[{"href":"https:\/\/chalet-la-sivoliere.com\/index.php?rest_route=\/wp\/v2\/pages\/2","targetHints":{"allow":["GET"]}}],"collection":[{"href":"https:\/\/chalet-la-sivoliere.com\/index.php?rest_route=\/wp\/v2\/pages"}],"about":[{"href":"https:\/\/chalet-la-sivoliere.com\/index.php?rest_route=\/wp\/v2\/types\/page"}],"author":[{"embeddable":true,"href":"https:\/\/chalet-la-sivoliere.com\/index.php?rest_route=\/wp\/v2\/users\/1"}],"replies":[{"embeddable":true,"href":"https:\/\/chalet-la-sivoliere.com\/index.php?rest_route=%2Fwp%2Fv2%2Fcomments&post=2"}],"version-history":[{"count":9,"href":"https:\/\/chalet-la-sivoliere.com\/index.php?rest_route=\/wp\/v2\/pages\/2\/revisions"}],"predecessor-version":[{"id":147,"href":"https:\/\/chalet-la-sivoliere.com\/index.php?rest_route=\/wp\/v2\/pages\/2\/revisions\/147"}],"wp:attachment":[{"href":"https:\/\/chalet-la-sivoliere.com\/index.php?rest_route=%2Fwp%2Fv2%2Fmedia&parent=2"}],"curies":[{"name":"wp","href":"https:\/\/api.w.org\/{rel}","templated":true}]}}